{"id":5483,"date":"2024-09-16T15:56:36","date_gmt":"2024-09-16T13:56:36","guid":{"rendered":"https:\/\/hub4t.tecnocampus.cat\/campus-3\/"},"modified":"2024-09-20T10:30:27","modified_gmt":"2024-09-20T08:30:27","slug":"campus-3","status":"publish","type":"page","link":"https:\/\/hub4t.tecnocampus.cat\/es\/campus-3\/","title":{"rendered":"Campus"},"content":{"rendered":"<p>[et_pb_section fb_built=\u00bb1&#8243; _builder_version=\u00bb4.27.0&#8243; _module_preset=\u00bbdefault\u00bb background_image=\u00bbhttps:\/\/hub4t.tecnocampus.cat\/wp-content\/uploads\/2024\/09\/Formacion-a-medidac-1024&#215;480-1.jpg\u00bb height=\u00bb427px\u00bb custom_margin=\u00bb||1px|||\u00bb global_colors_info=\u00bb{}\u00bb][et_pb_row _builder_version=\u00bb4.27.0&#8243; _module_preset=\u00bbdefault\u00bb global_colors_info=\u00bb{}\u00bb][et_pb_column type=\u00bb4_4&#8243; _builder_version=\u00bb4.27.0&#8243; _module_preset=\u00bbdefault\u00bb global_colors_info=\u00bb{}\u00bb][et_pb_text _builder_version=\u00bb4.27.0&#8243; _module_preset=\u00bbdefault\u00bb header_font=\u00bbPlayfair Display|700|||||||\u00bb header_text_color=\u00bb#FFFFFF\u00bb header_font_size=\u00bb72px\u00bb global_colors_info=\u00bb{}\u00bb]<\/p>\n<h1 style=\"text-align: center;\"><\/h1>\n<h1 style=\"text-align: center;\"><\/h1>\n<h1 style=\"text-align: center;\"><\/h1>\n<h1 style=\"text-align: center;\"><\/h1>\n<h1 style=\"text-align: center;\"><\/h1>\n<h1 style=\"text-align: center;\"><\/h1>\n<h1 style=\"text-align: center;\"><\/h1>\n<h1 style=\"text-align: center;\"><\/h1>\n<h1 style=\"text-align: center;\"><\/h1>\n<h1 style=\"text-align: center;\">Campus<\/h1>\n<p>[\/et_pb_text][\/et_pb_column][\/et_pb_row][\/et_pb_section][et_pb_section fb_built=\u00bb1&#8243; _builder_version=\u00bb4.27.0&#8243; _module_preset=\u00bbdefault\u00bb background_color=\u00bb#f1f1f1&#8243; global_colors_info=\u00bb{}\u00bb][et_pb_row _builder_version=\u00bb4.27.0&#8243; _module_preset=\u00bbdefault\u00bb global_colors_info=\u00bb{}\u00bb][et_pb_column type=\u00bb4_4&#8243; _builder_version=\u00bb4.27.0&#8243; _module_preset=\u00bbdefault\u00bb global_colors_info=\u00bb{}\u00bb][et_pb_text _builder_version=\u00bb4.27.0&#8243; _module_preset=\u00bbdefault\u00bb text_font=\u00bbOpen Sans||||||||\u00bb text_text_color=\u00bb#1a1a1a\u00bb text_font_size=\u00bb16px\u00bb text_line_height=\u00bb1.8em\u00bb header_2_font=\u00bbPlayfair Display|700|||||||\u00bb header_2_font_size=\u00bb43px\u00bb hover_enabled=\u00bb0&#8243; global_colors_info=\u00bb{}\u00bb sticky_enabled=\u00bb0&#8243;]<\/p>\n<h2><strong>Donde la universidad y la empresa se dan la mano<\/strong><\/h2>\n<p><strong><\/strong><\/p>\n<p>El TecnoCampus es un centro universitario adscrito a la Universidad Pompeu Fabra y un parque tecnol\u00f3gico. Se trata de un espacio \u00fanico dedicado a la innovaci\u00f3n y el emprendimiento con un bagaje de m\u00e1s de treinta a\u00f1os como centro universitario.<\/p>\n<p>Actualmente la oferta acad\u00e9mica del TecnoCampus consta de diecisiete titulaciones oficiales de grado y doble grado en los \u00e1mbitos de la tecnolog\u00eda, la empresa y la salud, adem\u00e1s de cuatro m\u00e1steres universitarios, doce m\u00e1steres propios y diplomas de Postgrado, y tres cursos de Postgrado, todos con el sello de calidad de la Universidad Pompeu Fabra (UPF), la primera del estado en el ranking U-Multirank.<\/p>\n<p>[\/et_pb_text][\/et_pb_column][\/et_pb_row][\/et_pb_section][et_pb_section fb_built=\u00bb1&#8243; _builder_version=\u00bb4.27.0&#8243; _module_preset=\u00bbdefault\u00bb global_colors_info=\u00bb{}\u00bb][et_pb_row _builder_version=\u00bb4.27.0&#8243; _module_preset=\u00bbdefault\u00bb global_colors_info=\u00bb{}\u00bb][et_pb_column type=\u00bb4_4&#8243; _builder_version=\u00bb4.27.0&#8243; _module_preset=\u00bbdefault\u00bb global_colors_info=\u00bb{}\u00bb][et_pb_text _builder_version=\u00bb4.27.0&#8243; _module_preset=\u00bbdefault\u00bb header_2_font=\u00bbPlayfair Display|700|||||||\u00bb header_2_text_align=\u00bbcenter\u00bb header_2_font_size=\u00bb45px\u00bb hover_enabled=\u00bb0&#8243; global_colors_info=\u00bb{}\u00bb sticky_enabled=\u00bb0&#8243;]<\/p>\n<h2>Contacto<\/h2>\n<p>[\/et_pb_text][\/et_pb_column][\/et_pb_row][et_pb_row column_structure=\u00bb1_2,1_2&#8243; _builder_version=\u00bb4.27.0&#8243; _module_preset=\u00bbdefault\u00bb global_colors_info=\u00bb{}\u00bb][et_pb_column type=\u00bb1_2&#8243; _builder_version=\u00bb4.27.0&#8243; _module_preset=\u00bbdefault\u00bb global_colors_info=\u00bb{}\u00bb][et_pb_contact_form submit_button_text=\u00bbEnviar\u00bb _builder_version=\u00bb4.27.0&#8243; _module_preset=\u00bbdefault\u00bb _unique_id=\u00bb6c787c74-00ef-4244-98cb-d0f8075250d4&#8243; form_field_font_size=\u00bb19px\u00bb custom_button=\u00bbon\u00bb button_text_size=\u00bb21px\u00bb button_text_color=\u00bb#000000&#8243; button_bg_color=\u00bb#E09900&#8243; button_border_color=\u00bb#E09900&#8243; button_custom_margin=\u00bb0px||||false|false\u00bb custom_margin=\u00bb0px||||false|false\u00bb hover_enabled=\u00bb0&#8243; global_colors_info=\u00bb{}\u00bb sticky_enabled=\u00bb0&#8243;][et_pb_contact_field field_id=\u00bbNom_i_cognom\u00bb field_title=\u00bbNombre y apellido\u00bb fullwidth_field=\u00bbon\u00bb _builder_version=\u00bb4.27.0&#8243; form_field_text_align=\u00bbleft\u00bb hover_enabled=\u00bb0&#8243; global_colors_info=\u00bb{}\u00bb button_text_size__hover_enabled=\u00bboff\u00bb button_one_text_size__hover_enabled=\u00bboff\u00bb button_two_text_size__hover_enabled=\u00bboff\u00bb button_text_color__hover_enabled=\u00bboff\u00bb button_one_text_color__hover_enabled=\u00bboff\u00bb button_two_text_color__hover_enabled=\u00bboff\u00bb button_border_width__hover_enabled=\u00bboff\u00bb button_one_border_width__hover_enabled=\u00bboff\u00bb button_two_border_width__hover_enabled=\u00bboff\u00bb button_border_color__hover_enabled=\u00bboff\u00bb button_one_border_color__hover_enabled=\u00bboff\u00bb button_two_border_color__hover_enabled=\u00bboff\u00bb button_border_radius__hover_enabled=\u00bboff\u00bb button_one_border_radius__hover_enabled=\u00bboff\u00bb button_two_border_radius__hover_enabled=\u00bboff\u00bb button_letter_spacing__hover_enabled=\u00bboff\u00bb button_one_letter_spacing__hover_enabled=\u00bboff\u00bb button_two_letter_spacing__hover_enabled=\u00bboff\u00bb button_bg_color__hover_enabled=\u00bboff\u00bb button_one_bg_color__hover_enabled=\u00bboff\u00bb button_two_bg_color__hover_enabled=\u00bboff\u00bb sticky_enabled=\u00bb0&#8243;][\/et_pb_contact_field][et_pb_contact_field field_id=\u00bbCorreu_electr\u00f2nic\u00bb field_title=\u00bbCorreo electr\u00f3nico\u00bb field_type=\u00bbemail\u00bb fullwidth_field=\u00bbon\u00bb _builder_version=\u00bb4.27.0&#8243; hover_enabled=\u00bb0&#8243; global_colors_info=\u00bb{}\u00bb button_text_size__hover_enabled=\u00bboff\u00bb button_one_text_size__hover_enabled=\u00bboff\u00bb button_two_text_size__hover_enabled=\u00bboff\u00bb button_text_color__hover_enabled=\u00bboff\u00bb button_one_text_color__hover_enabled=\u00bboff\u00bb button_two_text_color__hover_enabled=\u00bboff\u00bb button_border_width__hover_enabled=\u00bboff\u00bb button_one_border_width__hover_enabled=\u00bboff\u00bb button_two_border_width__hover_enabled=\u00bboff\u00bb button_border_color__hover_enabled=\u00bboff\u00bb button_one_border_color__hover_enabled=\u00bboff\u00bb button_two_border_color__hover_enabled=\u00bboff\u00bb button_border_radius__hover_enabled=\u00bboff\u00bb button_one_border_radius__hover_enabled=\u00bboff\u00bb button_two_border_radius__hover_enabled=\u00bboff\u00bb button_letter_spacing__hover_enabled=\u00bboff\u00bb button_one_letter_spacing__hover_enabled=\u00bboff\u00bb button_two_letter_spacing__hover_enabled=\u00bboff\u00bb button_bg_color__hover_enabled=\u00bboff\u00bb button_one_bg_color__hover_enabled=\u00bboff\u00bb button_two_bg_color__hover_enabled=\u00bboff\u00bb sticky_enabled=\u00bb0&#8243;][\/et_pb_contact_field][et_pb_contact_field field_id=\u00bbMissatge\u00bb field_title=\u00bbMensaje\u00bb field_type=\u00bbtext\u00bb fullwidth_field=\u00bbon\u00bb _builder_version=\u00bb4.27.0&#8243; hover_enabled=\u00bb0&#8243; global_colors_info=\u00bb{}\u00bb button_text_size__hover_enabled=\u00bboff\u00bb button_one_text_size__hover_enabled=\u00bboff\u00bb button_two_text_size__hover_enabled=\u00bboff\u00bb button_text_color__hover_enabled=\u00bboff\u00bb button_one_text_color__hover_enabled=\u00bboff\u00bb button_two_text_color__hover_enabled=\u00bboff\u00bb button_border_width__hover_enabled=\u00bboff\u00bb button_one_border_width__hover_enabled=\u00bboff\u00bb button_two_border_width__hover_enabled=\u00bboff\u00bb button_border_color__hover_enabled=\u00bboff\u00bb button_one_border_color__hover_enabled=\u00bboff\u00bb button_two_border_color__hover_enabled=\u00bboff\u00bb button_border_radius__hover_enabled=\u00bboff\u00bb button_one_border_radius__hover_enabled=\u00bboff\u00bb button_two_border_radius__hover_enabled=\u00bboff\u00bb button_letter_spacing__hover_enabled=\u00bboff\u00bb button_one_letter_spacing__hover_enabled=\u00bboff\u00bb button_two_letter_spacing__hover_enabled=\u00bboff\u00bb button_bg_color__hover_enabled=\u00bboff\u00bb button_one_bg_color__hover_enabled=\u00bboff\u00bb button_two_bg_color__hover_enabled=\u00bboff\u00bb sticky_enabled=\u00bb0&#8243;][\/et_pb_contact_field][\/et_pb_contact_form][et_pb_text _builder_version=\u00bb4.27.0&#8243; _module_preset=\u00bbdefault\u00bb hover_enabled=\u00bb0&#8243; global_colors_info=\u00bb{}\u00bb sticky_enabled=\u00bb0&#8243;]<\/p>\n<div class=\"col-4\">\n<p><img loading=\"lazy\" decoding=\"async\" width=\"24\" height=\"34\" src=\"https:\/\/web.archive.org\/web\/20240521013619im_\/https:\/\/hub4t.tecnocampus.cat\/wp-content\/uploads\/2022\/03\/Icon-material-location-on.png\" class=\" lazy\" alt=\"\" \/>\u00a0 Avenida d\u2019Ernest Lluch, 32 Matar\u00f3\u00a0 \u00a0 \u00a0 \u00a0 \u00a0 \u00a0 <img loading=\"lazy\" decoding=\"async\" width=\"30\" height=\"23\" src=\"https:\/\/web.archive.org\/web\/20240521013619im_\/https:\/\/hub4t.tecnocampus.cat\/wp-content\/uploads\/2022\/03\/Icon-feather-mail.png\" class=\" lazy\" alt=\"\" style=\"font-size: 14px;\" \/><span style=\"font-size: 14px;\"> <\/span><a href=\"mailto:hub4t@tecnocampus.cat\" style=\"font-size: 14px;\">hub4t@tecnocampus.cat<\/a><\/p>\n<\/div>\n<div class=\"col-4\">\n<p>&nbsp;<\/p>\n<div class=\"textoiconocontacto\"><\/div>\n<\/div>\n<div class=\"col-4\"><img loading=\"lazy\" decoding=\"async\" width=\"26\" height=\"26\" src=\"https:\/\/web.archive.org\/web\/20240521013619im_\/https:\/\/hub4t.tecnocampus.cat\/wp-content\/uploads\/2022\/03\/Icon-feather-phone.png\" class=\" lazy\" alt=\"\" \/>\u00a0 93 702 19 59<\/div>\n<p>[\/et_pb_text][\/et_pb_column][et_pb_column type=\u00bb1_2&#8243; _builder_version=\u00bb4.27.0&#8243; _module_preset=\u00bbdefault\u00bb global_colors_info=\u00bb{}\u00bb][et_pb_code _builder_version=\u00bb4.27.0&#8243; _module_preset=\u00bbdefault\u00bb global_colors_info=\u00bb{}\u00bb]<iframe class=\"embed-responsive-item\" src=\"https:\/\/www.google.com\/maps\/embed?pb=!1m18!1m12!1m3!1d2986.9109660923223!2d2.432487915705869!3d41.52786919523682!2m3!1f0!2f0!3f0!3m2!1i1024!2i768!4f13.1!3m3!1m2!1s0x12a4b4e4409e0875%3A0xc9fbf03a1384100b!2sTecnocampus!5e0!3m2!1ses!2ses!4v1625825961952!5m2!1ses!2ses\" width=\"600\" height=\"450\" style=\"border:0;\" allowfullscreen=\"\" loading=\"lazy\"><\/iframe>[\/et_pb_code][\/et_pb_column][\/et_pb_row][\/et_pb_section][et_pb_section fb_built=\u00bb1&#8243; _builder_version=\u00bb4.27.0&#8243; _module_preset=\u00bbdefault\u00bb background_color=\u00bb#f1f1f1&#8243; custom_padding=\u00bb0px||0px|||\u00bb global_colors_info=\u00bb{}\u00bb][et_pb_row _builder_version=\u00bb4.27.0&#8243; _module_preset=\u00bbdefault\u00bb global_colors_info=\u00bb{}\u00bb][et_pb_column type=\u00bb4_4&#8243; _builder_version=\u00bb4.27.0&#8243; _module_preset=\u00bbdefault\u00bb global_colors_info=\u00bb{}\u00bb][et_pb_text _builder_version=\u00bb4.27.0&#8243; _module_preset=\u00bbdefault\u00bb header_2_font=\u00bb|700|||||||\u00bb header_2_text_align=\u00bbcenter\u00bb header_2_font_size=\u00bb25px\u00bb hover_enabled=\u00bb0&#8243; global_colors_info=\u00bb{}\u00bb sticky_enabled=\u00bb0&#8243;]<\/p>\n<h2><\/h2>\n<h2>Acreditaciones<\/h2>\n<p>[\/et_pb_text][\/et_pb_column][\/et_pb_row][et_pb_row column_structure=\u00bb1_3,1_3,1_3&#8243; _builder_version=\u00bb4.27.0&#8243; _module_preset=\u00bbdefault\u00bb global_colors_info=\u00bb{}\u00bb][et_pb_column type=\u00bb1_3&#8243; _builder_version=\u00bb4.27.0&#8243; _module_preset=\u00bbdefault\u00bb global_colors_info=\u00bb{}\u00bb][et_pb_text _builder_version=\u00bb4.27.0&#8243; _module_preset=\u00bbdefault\u00bb text_font=\u00bbOpen Sans||||||||\u00bb text_font_size=\u00bb16px\u00bb header_font_size=\u00bb17px\u00bb header_4_font_size=\u00bb16px\u00bb header_4_line_height=\u00bb1.8em\u00bb hover_enabled=\u00bb0&#8243; global_colors_info=\u00bb{}\u00bb sticky_enabled=\u00bb0&#8243;]<\/p>\n<h4><strong>Acreditaciones Catalu\u00f1a para la formaci\u00f3n de nivel superior de \u00e1mbito digital<\/strong><\/h4>\n<p><a href=\"https:\/\/www.tecnocampus.cat\/sites\/default\/files\/1.%20UPF%20informe_avaluaci%C3%B3%20implantaci%C3%B3%20Java%20Back%20End%20Developer%20v2.pdf\">+ Java Back-end Web Developer<\/a><\/p>\n<p><a href=\"https:\/\/www.tecnocampus.cat\/sites\/default\/files\/2.%20UPF%20informe_avaluaci%C3%B3%20implantaci%C3%B3%20Front%20End%20Developer%20v2.pdf\">+ Front End Developer<\/a><\/p>\n<p><a href=\"https:\/\/www.tecnocampus.cat\/sites\/default\/files\/5.%20UPF%20informe_avaluaci%C3%B3%20implantaci%C3%B3%20Cloud%20Deployer%20v2.pdf\">+ Cloud Developer<\/a><\/p>\n<p><a href=\"https:\/\/www.tecnocampus.cat\/sites\/default\/files\/6.%20UPF%20informe_avaluaci%C3%B3%20implantaci%C3%B3%20Data%20Scientist%20v2.pdf\">+ Data Scientist<\/a><\/p>\n<p>[\/et_pb_text][\/et_pb_column][et_pb_column type=\u00bb1_3&#8243; _builder_version=\u00bb4.27.0&#8243; _module_preset=\u00bbdefault\u00bb global_colors_info=\u00bb{}\u00bb][et_pb_text _builder_version=\u00bb4.27.0&#8243; _module_preset=\u00bbdefault\u00bb text_font_size=\u00bb16px\u00bb hover_enabled=\u00bb0&#8243; global_colors_info=\u00bb{}\u00bb sticky_enabled=\u00bb0&#8243;]<\/p>\n<p><a href=\"https:\/\/www.tecnocampus.cat\/sites\/default\/files\/Certificat__Escola%20Superior%20Polit%C3%A8cnica%20Tecnocampus_UPF%20(002).pdf\">+ Sistema de Garant\u00eda Interna de la Calidad de Escola Superior Polit\u00e8cnica Tecnocampus de la Universitat Pompeu Fabra<\/a><\/p>\n<p>[\/et_pb_text][\/et_pb_column][et_pb_column type=\u00bb1_3&#8243; _builder_version=\u00bb4.27.0&#8243; _module_preset=\u00bbdefault\u00bb global_colors_info=\u00bb{}\u00bb][et_pb_text _builder_version=\u00bb4.27.0&#8243; _module_preset=\u00bbdefault\u00bb text_font_size=\u00bb16px\u00bb header_font_size=\u00bb16px\u00bb hover_enabled=\u00bb0&#8243; global_colors_info=\u00bb{}\u00bb sticky_enabled=\u00bb0&#8243;]<\/p>\n<p><a href=\"https:\/\/www.tecnocampus.cat\/sites\/default\/files\/Comprovant%20registre%20inscripci%C3%B3%20telem%C3%A0tica_SEPE.pdf\">+ Registro Estatal de Entidades de Formaci\u00f3n para impartir formaci\u00f3n no incluida en el cat\u00e1logo de especialidades formativas<\/a><\/p>\n<p>[\/et_pb_text][\/et_pb_column][\/et_pb_row][\/et_pb_section]<\/p>\n","protected":false},"excerpt":{"rendered":"<p>CampusDonde la universidad y la empresa se dan la mano El TecnoCampus es un centro universitario adscrito a la Universidad Pompeu Fabra y un parque tecnol\u00f3gico. Se trata de un espacio \u00fanico dedicado a la innovaci\u00f3n y el emprendimiento con un bagaje de m\u00e1s de treinta a\u00f1os como centro universitario. Actualmente la oferta acad\u00e9mica del [&hellip;]<\/p>\n","protected":false},"author":8,"featured_media":0,"parent":0,"menu_order":0,"comment_status":"closed","ping_status":"closed","template":"","meta":{"_acf_changed":false,"_et_pb_use_builder":"on","_et_pb_old_content":"","_et_gb_content_width":"","inline_featured_image":false,"footnotes":""},"class_list":["post-5483","page","type-page","status-publish","hentry"],"acf":[],"yoast_head":"<!-- This site is optimized with the Yoast SEO plugin v27.2 - https:\/\/yoast.com\/product\/yoast-seo-wordpress\/ -->\n<title>Campus - HUB4T<\/title>\n<meta name=\"robots\" content=\"index, follow, max-snippet:-1, max-image-preview:large, max-video-preview:-1\" \/>\n<link rel=\"canonical\" href=\"https:\/\/hub4t.tecnocampus.cat\/es\/campus-3\/\" \/>\n<meta property=\"og:locale\" content=\"es_ES\" \/>\n<meta property=\"og:type\" content=\"article\" \/>\n<meta property=\"og:title\" content=\"Campus - HUB4T\" \/>\n<meta property=\"og:description\" content=\"CampusDonde la universidad y la empresa se dan la mano El TecnoCampus es un centro universitario adscrito a la Universidad Pompeu Fabra y un parque tecnol\u00f3gico. Se trata de un espacio \u00fanico dedicado a la innovaci\u00f3n y el emprendimiento con un bagaje de m\u00e1s de treinta a\u00f1os como centro universitario. Actualmente la oferta acad\u00e9mica del [&hellip;]\" \/>\n<meta property=\"og:url\" content=\"https:\/\/hub4t.tecnocampus.cat\/es\/campus-3\/\" \/>\n<meta property=\"og:site_name\" content=\"HUB4T\" \/>\n<meta property=\"article:modified_time\" content=\"2024-09-20T08:30:27+00:00\" \/>\n<meta property=\"og:image\" content=\"https:\/\/web.archive.org\/web\/20240521013619im_\/https:\/\/hub4t.tecnocampus.cat\/wp-content\/uploads\/2022\/03\/Icon-material-location-on.png\" \/>\n<meta name=\"twitter:card\" content=\"summary_large_image\" \/>\n<meta name=\"twitter:label1\" content=\"Tiempo de lectura\" \/>\n\t<meta name=\"twitter:data1\" content=\"2 minutos\" \/>\n<script type=\"application\/ld+json\" class=\"yoast-schema-graph\">{\"@context\":\"https:\/\/schema.org\",\"@graph\":[{\"@type\":\"WebPage\",\"@id\":\"https:\/\/hub4t.tecnocampus.cat\/es\/campus-3\/\",\"url\":\"https:\/\/hub4t.tecnocampus.cat\/es\/campus-3\/\",\"name\":\"Campus - HUB4T\",\"isPartOf\":{\"@id\":\"https:\/\/hub4t.tecnocampus.cat\/#website\"},\"primaryImageOfPage\":{\"@id\":\"https:\/\/hub4t.tecnocampus.cat\/es\/campus-3\/#primaryimage\"},\"image\":{\"@id\":\"https:\/\/hub4t.tecnocampus.cat\/es\/campus-3\/#primaryimage\"},\"thumbnailUrl\":\"https:\/\/web.archive.org\/web\/20240521013619im_\/https:\/\/hub4t.tecnocampus.cat\/wp-content\/uploads\/2022\/03\/Icon-material-location-on.png\",\"datePublished\":\"2024-09-16T13:56:36+00:00\",\"dateModified\":\"2024-09-20T08:30:27+00:00\",\"breadcrumb\":{\"@id\":\"https:\/\/hub4t.tecnocampus.cat\/es\/campus-3\/#breadcrumb\"},\"inLanguage\":\"es\",\"potentialAction\":[{\"@type\":\"ReadAction\",\"target\":[\"https:\/\/hub4t.tecnocampus.cat\/es\/campus-3\/\"]}]},{\"@type\":\"ImageObject\",\"inLanguage\":\"es\",\"@id\":\"https:\/\/hub4t.tecnocampus.cat\/es\/campus-3\/#primaryimage\",\"url\":\"https:\/\/web.archive.org\/web\/20240521013619im_\/https:\/\/hub4t.tecnocampus.cat\/wp-content\/uploads\/2022\/03\/Icon-material-location-on.png\",\"contentUrl\":\"https:\/\/web.archive.org\/web\/20240521013619im_\/https:\/\/hub4t.tecnocampus.cat\/wp-content\/uploads\/2022\/03\/Icon-material-location-on.png\"},{\"@type\":\"BreadcrumbList\",\"@id\":\"https:\/\/hub4t.tecnocampus.cat\/es\/campus-3\/#breadcrumb\",\"itemListElement\":[{\"@type\":\"ListItem\",\"position\":1,\"name\":\"Inici\",\"item\":\"https:\/\/hub4t.tecnocampus.cat\/\"},{\"@type\":\"ListItem\",\"position\":2,\"name\":\"Campus\"}]},{\"@type\":\"WebSite\",\"@id\":\"https:\/\/hub4t.tecnocampus.cat\/#website\",\"url\":\"https:\/\/hub4t.tecnocampus.cat\/\",\"name\":\"HUB4T\",\"description\":\"Centre d&#039;estudis de postgrau i formaci\u00f3 permanent\",\"potentialAction\":[{\"@type\":\"SearchAction\",\"target\":{\"@type\":\"EntryPoint\",\"urlTemplate\":\"https:\/\/hub4t.tecnocampus.cat\/?s={search_term_string}\"},\"query-input\":{\"@type\":\"PropertyValueSpecification\",\"valueRequired\":true,\"valueName\":\"search_term_string\"}}],\"inLanguage\":\"es\"}]}<\/script>\n<!-- \/ Yoast SEO plugin. -->","yoast_head_json":{"title":"Campus - HUB4T","robots":{"index":"index","follow":"follow","max-snippet":"max-snippet:-1","max-image-preview":"max-image-preview:large","max-video-preview":"max-video-preview:-1"},"canonical":"https:\/\/hub4t.tecnocampus.cat\/es\/campus-3\/","og_locale":"es_ES","og_type":"article","og_title":"Campus - HUB4T","og_description":"CampusDonde la universidad y la empresa se dan la mano El TecnoCampus es un centro universitario adscrito a la Universidad Pompeu Fabra y un parque tecnol\u00f3gico. Se trata de un espacio \u00fanico dedicado a la innovaci\u00f3n y el emprendimiento con un bagaje de m\u00e1s de treinta a\u00f1os como centro universitario. Actualmente la oferta acad\u00e9mica del [&hellip;]","og_url":"https:\/\/hub4t.tecnocampus.cat\/es\/campus-3\/","og_site_name":"HUB4T","article_modified_time":"2024-09-20T08:30:27+00:00","og_image":[{"url":"https:\/\/web.archive.org\/web\/20240521013619im_\/https:\/\/hub4t.tecnocampus.cat\/wp-content\/uploads\/2022\/03\/Icon-material-location-on.png","type":"","width":"","height":""}],"twitter_card":"summary_large_image","twitter_misc":{"Tiempo de lectura":"2 minutos"},"schema":{"@context":"https:\/\/schema.org","@graph":[{"@type":"WebPage","@id":"https:\/\/hub4t.tecnocampus.cat\/es\/campus-3\/","url":"https:\/\/hub4t.tecnocampus.cat\/es\/campus-3\/","name":"Campus - HUB4T","isPartOf":{"@id":"https:\/\/hub4t.tecnocampus.cat\/#website"},"primaryImageOfPage":{"@id":"https:\/\/hub4t.tecnocampus.cat\/es\/campus-3\/#primaryimage"},"image":{"@id":"https:\/\/hub4t.tecnocampus.cat\/es\/campus-3\/#primaryimage"},"thumbnailUrl":"https:\/\/web.archive.org\/web\/20240521013619im_\/https:\/\/hub4t.tecnocampus.cat\/wp-content\/uploads\/2022\/03\/Icon-material-location-on.png","datePublished":"2024-09-16T13:56:36+00:00","dateModified":"2024-09-20T08:30:27+00:00","breadcrumb":{"@id":"https:\/\/hub4t.tecnocampus.cat\/es\/campus-3\/#breadcrumb"},"inLanguage":"es","potentialAction":[{"@type":"ReadAction","target":["https:\/\/hub4t.tecnocampus.cat\/es\/campus-3\/"]}]},{"@type":"ImageObject","inLanguage":"es","@id":"https:\/\/hub4t.tecnocampus.cat\/es\/campus-3\/#primaryimage","url":"https:\/\/web.archive.org\/web\/20240521013619im_\/https:\/\/hub4t.tecnocampus.cat\/wp-content\/uploads\/2022\/03\/Icon-material-location-on.png","contentUrl":"https:\/\/web.archive.org\/web\/20240521013619im_\/https:\/\/hub4t.tecnocampus.cat\/wp-content\/uploads\/2022\/03\/Icon-material-location-on.png"},{"@type":"BreadcrumbList","@id":"https:\/\/hub4t.tecnocampus.cat\/es\/campus-3\/#breadcrumb","itemListElement":[{"@type":"ListItem","position":1,"name":"Inici","item":"https:\/\/hub4t.tecnocampus.cat\/"},{"@type":"ListItem","position":2,"name":"Campus"}]},{"@type":"WebSite","@id":"https:\/\/hub4t.tecnocampus.cat\/#website","url":"https:\/\/hub4t.tecnocampus.cat\/","name":"HUB4T","description":"Centre d&#039;estudis de postgrau i formaci\u00f3 permanent","potentialAction":[{"@type":"SearchAction","target":{"@type":"EntryPoint","urlTemplate":"https:\/\/hub4t.tecnocampus.cat\/?s={search_term_string}"},"query-input":{"@type":"PropertyValueSpecification","valueRequired":true,"valueName":"search_term_string"}}],"inLanguage":"es"}]}},"_links":{"self":[{"href":"https:\/\/hub4t.tecnocampus.cat\/es\/wp-json\/wp\/v2\/pages\/5483","targetHints":{"allow":["GET"]}}],"collection":[{"href":"https:\/\/hub4t.tecnocampus.cat\/es\/wp-json\/wp\/v2\/pages"}],"about":[{"href":"https:\/\/hub4t.tecnocampus.cat\/es\/wp-json\/wp\/v2\/types\/page"}],"author":[{"embeddable":true,"href":"https:\/\/hub4t.tecnocampus.cat\/es\/wp-json\/wp\/v2\/users\/8"}],"replies":[{"embeddable":true,"href":"https:\/\/hub4t.tecnocampus.cat\/es\/wp-json\/wp\/v2\/comments?post=5483"}],"version-history":[{"count":3,"href":"https:\/\/hub4t.tecnocampus.cat\/es\/wp-json\/wp\/v2\/pages\/5483\/revisions"}],"predecessor-version":[{"id":5486,"href":"https:\/\/hub4t.tecnocampus.cat\/es\/wp-json\/wp\/v2\/pages\/5483\/revisions\/5486"}],"wp:attachment":[{"href":"https:\/\/hub4t.tecnocampus.cat\/es\/wp-json\/wp\/v2\/media?parent=5483"}],"curies":[{"name":"wp","href":"https:\/\/api.w.org\/{rel}","templated":true}]}}